{"id":862,"date":"2020-07-10T15:44:37","date_gmt":"2020-07-10T15:44:37","guid":{"rendered":"http:\/\/cubataonoticias.com\/?page_id=862"},"modified":"2022-08-16T11:49:37","modified_gmt":"2022-08-16T14:49:37","slug":"fale-com-a-gente","status":"publish","type":"page","link":"https:\/\/new.cubataonoticias.com\/index.php\/fale-com-a-gente\/","title":{"rendered":"Fale com a gente"},"content":{"rendered":"\n\n\n<p>Email: redacao@cubataonoticias.com<\/p>\n","protected":false},"excerpt":{"rendered":"<p>Email: redacao@cubataonoticias.com<\/p>\n","protected":false},"author":1,"featured_media":0,"parent":0,"menu_order":0,"comment_status":"closed","ping_status":"closed","template":"","meta":{"footnotes":""},"class_list":["post-862","page","type-page","status-publish","hentry"],"yoast_head":"<!-- This site is optimized with the Yoast SEO plugin v24.6 - https:\/\/yoast.com\/wordpress\/plugins\/seo\/ -->\n<title>Fale com a gente - Cubat\u00e3o Not\u00edcias<\/title>\n<meta name=\"robots\" content=\"index, follow, max-snippet:-1, max-image-preview:large, max-video-preview:-1\" \/>\n<link rel=\"canonical\" href=\"https:\/\/new.cubataonoticias.com\/index.php\/fale-com-a-gente\/\" \/>\n<meta property=\"og:locale\" content=\"pt_BR\" \/>\n<meta property=\"og:type\" content=\"article\" \/>\n<meta property=\"og:title\" content=\"Fale com a gente - Cubat\u00e3o Not\u00edcias\" \/>\n<meta property=\"og:description\" content=\"Email: redacao@cubataonoticias.com\" \/>\n<meta property=\"og:url\" content=\"https:\/\/new.cubataonoticias.com\/index.php\/fale-com-a-gente\/\" \/>\n<meta property=\"og:site_name\" content=\"Cubat\u00e3o Not\u00edcias\" \/>\n<meta property=\"article:publisher\" content=\"https:\/\/www.facebook.com\/CubataoNoticiasOficial\/\" \/>\n<meta property=\"article:modified_time\" content=\"2022-08-16T14:49:37+00:00\" \/>\n<meta name=\"twitter:card\" content=\"summary_large_image\" \/>\n<meta name=\"twitter:site\" content=\"@CubataoNoticias\" \/>\n<meta name=\"twitter:label1\" content=\"Est. tempo de leitura\" \/>\n\t<meta name=\"twitter:data1\" content=\"1 minuto\" \/>\n<script type=\"application\/ld+json\" class=\"yoast-schema-graph\">{\"@context\":\"https:\/\/schema.org\",\"@graph\":[{\"@type\":\"WebPage\",\"@id\":\"https:\/\/new.cubataonoticias.com\/index.php\/fale-com-a-gente\/\",\"url\":\"https:\/\/new.cubataonoticias.com\/index.php\/fale-com-a-gente\/\",\"name\":\"Fale com a gente - Cubat\u00e3o Not\u00edcias\",\"isPartOf\":{\"@id\":\"https:\/\/new.cubataonoticias.com\/#website\"},\"datePublished\":\"2020-07-10T15:44:37+00:00\",\"dateModified\":\"2022-08-16T14:49:37+00:00\",\"breadcrumb\":{\"@id\":\"https:\/\/new.cubataonoticias.com\/index.php\/fale-com-a-gente\/#breadcrumb\"},\"inLanguage\":\"pt-BR\",\"potentialAction\":[{\"@type\":\"ReadAction\",\"target\":[\"https:\/\/new.cubataonoticias.com\/index.php\/fale-com-a-gente\/\"]}]},{\"@type\":\"BreadcrumbList\",\"@id\":\"https:\/\/new.cubataonoticias.com\/index.php\/fale-com-a-gente\/#breadcrumb\",\"itemListElement\":[{\"@type\":\"ListItem\",\"position\":1,\"name\":\"In\u00edcio\",\"item\":\"https:\/\/new.cubataonoticias.com\/index.php\/home-v1\/\"},{\"@type\":\"ListItem\",\"position\":2,\"name\":\"Fale com a gente\"}]},{\"@type\":\"WebSite\",\"@id\":\"https:\/\/new.cubataonoticias.com\/#website\",\"url\":\"https:\/\/new.cubataonoticias.com\/\",\"name\":\"Cubat\u00e3o Not\u00edcias\",\"description\":\"Not\u00edcias Sobre Cubat\u00e3o e Regi\u00e3o\",\"potentialAction\":[{\"@type\":\"SearchAction\",\"target\":{\"@type\":\"EntryPoint\",\"urlTemplate\":\"https:\/\/new.cubataonoticias.com\/?s={search_term_string}\"},\"query-input\":{\"@type\":\"PropertyValueSpecification\",\"valueRequired\":true,\"valueName\":\"search_term_string\"}}],\"inLanguage\":\"pt-BR\"}]}<\/script>\n<!-- \/ Yoast SEO plugin. -->","yoast_head_json":{"title":"Fale com a gente - Cubat\u00e3o Not\u00edcias","robots":{"index":"index","follow":"follow","max-snippet":"max-snippet:-1","max-image-preview":"max-image-preview:large","max-video-preview":"max-video-preview:-1"},"canonical":"https:\/\/new.cubataonoticias.com\/index.php\/fale-com-a-gente\/","og_locale":"pt_BR","og_type":"article","og_title":"Fale com a gente - Cubat\u00e3o Not\u00edcias","og_description":"Email: redacao@cubataonoticias.com","og_url":"https:\/\/new.cubataonoticias.com\/index.php\/fale-com-a-gente\/","og_site_name":"Cubat\u00e3o Not\u00edcias","article_publisher":"https:\/\/www.facebook.com\/CubataoNoticiasOficial\/","article_modified_time":"2022-08-16T14:49:37+00:00","twitter_card":"summary_large_image","twitter_site":"@CubataoNoticias","twitter_misc":{"Est. tempo de leitura":"1 minuto"},"schema":{"@context":"https:\/\/schema.org","@graph":[{"@type":"WebPage","@id":"https:\/\/new.cubataonoticias.com\/index.php\/fale-com-a-gente\/","url":"https:\/\/new.cubataonoticias.com\/index.php\/fale-com-a-gente\/","name":"Fale com a gente - Cubat\u00e3o Not\u00edcias","isPartOf":{"@id":"https:\/\/new.cubataonoticias.com\/#website"},"datePublished":"2020-07-10T15:44:37+00:00","dateModified":"2022-08-16T14:49:37+00:00","breadcrumb":{"@id":"https:\/\/new.cubataonoticias.com\/index.php\/fale-com-a-gente\/#breadcrumb"},"inLanguage":"pt-BR","potentialAction":[{"@type":"ReadAction","target":["https:\/\/new.cubataonoticias.com\/index.php\/fale-com-a-gente\/"]}]},{"@type":"BreadcrumbList","@id":"https:\/\/new.cubataonoticias.com\/index.php\/fale-com-a-gente\/#breadcrumb","itemListElement":[{"@type":"ListItem","position":1,"name":"In\u00edcio","item":"https:\/\/new.cubataonoticias.com\/index.php\/home-v1\/"},{"@type":"ListItem","position":2,"name":"Fale com a gente"}]},{"@type":"WebSite","@id":"https:\/\/new.cubataonoticias.com\/#website","url":"https:\/\/new.cubataonoticias.com\/","name":"Cubat\u00e3o Not\u00edcias","description":"Not\u00edcias Sobre Cubat\u00e3o e Regi\u00e3o","potentialAction":[{"@type":"SearchAction","target":{"@type":"EntryPoint","urlTemplate":"https:\/\/new.cubataonoticias.com\/?s={search_term_string}"},"query-input":{"@type":"PropertyValueSpecification","valueRequired":true,"valueName":"search_term_string"}}],"inLanguage":"pt-BR"}]}},"_links":{"self":[{"href":"https:\/\/new.cubataonoticias.com\/index.php\/wp-json\/wp\/v2\/pages\/862","targetHints":{"allow":["GET"]}}],"collection":[{"href":"https:\/\/new.cubataonoticias.com\/index.php\/wp-json\/wp\/v2\/pages"}],"about":[{"href":"https:\/\/new.cubataonoticias.com\/index.php\/wp-json\/wp\/v2\/types\/page"}],"author":[{"embeddable":true,"href":"https:\/\/new.cubataonoticias.com\/index.php\/wp-json\/wp\/v2\/users\/1"}],"replies":[{"embeddable":true,"href":"https:\/\/new.cubataonoticias.com\/index.php\/wp-json\/wp\/v2\/comments?post=862"}],"version-history":[{"count":5,"href":"https:\/\/new.cubataonoticias.com\/index.php\/wp-json\/wp\/v2\/pages\/862\/revisions"}],"predecessor-version":[{"id":4319,"href":"https:\/\/new.cubataonoticias.com\/index.php\/wp-json\/wp\/v2\/pages\/862\/revisions\/4319"}],"wp:attachment":[{"href":"https:\/\/new.cubataonoticias.com\/index.php\/wp-json\/wp\/v2\/media?parent=862"}],"curies":[{"name":"wp","href":"https:\/\/api.w.org\/{rel}","templated":true}]}}